{"id":26059,"date":"2022-08-02T15:29:01","date_gmt":"2022-08-02T22:29:01","guid":{"rendered":"https:\/\/xx-fdn.site.strattic.io\/?page_id=26059"},"modified":"2023-11-17T20:20:41","modified_gmt":"2023-11-18T03:20:41","slug":"entity","status":"publish","type":"page","link":"https:\/\/xxfoundation.org\/tr\/entity\/","title":{"rendered":"Varl\u0131k"},"content":{"rendered":"<div data-elementor-type=\"wp-page\" data-elementor-id=\"26059\" class=\"elementor elementor-26059\" data-elementor-post-type=\"page\">\n\t\t\t\t\t\t<section class=\"elementor-section elementor-top-section elementor-element elementor-element-2fea9378 elementor-section-height-min-height elementor-section-boxed elementor-section-height-default elementor-section-items-middle\" data-id=\"2fea9378\" data-element_type=\"section\" data-settings=\"{&quot;background_background&quot;:&quot;classic&quot;}\">\n\t\t\t\t\t\t<div class=\"elementor-container elementor-column-gap-default\">\n\t\t\t\t\t<div class=\"elementor-column elementor-col-100 elementor-top-column elementor-element elementor-element-4b1abd77\" data-id=\"4b1abd77\" data-element_type=\"column\">\n\t\t\t<div class=\"elementor-widget-wrap elementor-element-populated\">\n\t\t\t\t\t\t<div class=\"elementor-element elementor-element-be11a82 elementor-widget__width-initial elementor-widget elementor-widget-heading\" data-id=\"be11a82\" data-element_type=\"widget\" data-widget_type=\"heading.default\">\n\t\t\t\t<div class=\"elementor-widget-container\">\n\t\t\t\t\t<h1 class=\"elementor-heading-title elementor-size-default\">The xx Vakf\u0131<\/h1>\t\t\t\t<\/div>\n\t\t\t\t<\/div>\n\t\t\t\t<div class=\"elementor-element elementor-element-20cfe8f6 elementor-widget__width-initial elementor-widget elementor-widget-text-editor\" data-id=\"20cfe8f6\" data-element_type=\"widget\" data-widget_type=\"text-editor.default\">\n\t\t\t\t<div class=\"elementor-widget-container\">\n\t\t\t\t\t\t\t\t\t<p>Nisan 2022'de kurulmu\u015f kay\u0131tl\u0131 bir Cayman vak\u0131f \u015firketidir.<\/p>\t\t\t\t\t\t\t\t<\/div>\n\t\t\t\t<\/div>\n\t\t\t\t\t<\/div>\n\t\t<\/div>\n\t\t\t\t\t<\/div>\n\t\t<\/section>\n\t\t\t\t<section class=\"elementor-section elementor-top-section elementor-element elementor-element-52c52d0f elementor-section-boxed elementor-section-height-default elementor-section-height-default\" data-id=\"52c52d0f\" data-element_type=\"section\" data-settings=\"{&quot;background_background&quot;:&quot;classic&quot;}\">\n\t\t\t\t\t\t<div class=\"elementor-container elementor-column-gap-default\">\n\t\t\t\t\t<div class=\"elementor-column elementor-col-33 elementor-top-column elementor-element elementor-element-50ad7416\" data-id=\"50ad7416\" data-element_type=\"column\" data-settings=\"{&quot;background_background&quot;:&quot;gradient&quot;}\">\n\t\t\t<div class=\"elementor-widget-wrap elementor-element-populated\">\n\t\t\t\t\t\t<div class=\"elementor-element elementor-element-65519586 elementor-widget elementor-widget-heading\" data-id=\"65519586\" data-element_type=\"widget\" data-widget_type=\"heading.default\">\n\t\t\t\t<div class=\"elementor-widget-container\">\n\t\t\t\t\t<h2 class=\"elementor-heading-title elementor-size-default\">Y\u00f6netim Kurulu<\/h2>\t\t\t\t<\/div>\n\t\t\t\t<\/div>\n\t\t\t\t<div class=\"elementor-element elementor-element-83cedfa elementor-widget elementor-widget-text-editor\" data-id=\"83cedfa\" data-element_type=\"widget\" data-widget_type=\"text-editor.default\">\n\t\t\t\t<div class=\"elementor-widget-container\">\n\t\t\t\t\t\t\t\t\t<p><span style=\"font-weight: 400;\">xx Vakf\u0131 y\u00f6netim kurulu \u015fu anda 4 y\u00f6neticiden olu\u015fuyor. Biri, Vakfa kat\u0131lan orijinal bir node ko\u015fucusu ve topluluk lideridir. Biri DAO ve kripto yasal uyumlulu\u011fu konusunda uzmand\u0131r. Bir tanesi xx network i\u00e7in \u00e7ekirdek yaz\u0131l\u0131m geli\u015ftiricisi ve bir tanesi de kurumsal yap\u0131lanma ve y\u00f6netim konusunda uzmand\u0131r.<\/span><\/p>\t\t\t\t\t\t\t\t<\/div>\n\t\t\t\t<\/div>\n\t\t\t\t\t<\/div>\n\t\t<\/div>\n\t\t\t\t<div class=\"elementor-column elementor-col-33 elementor-top-column elementor-element elementor-element-38cc4355\" data-id=\"38cc4355\" data-element_type=\"column\" data-settings=\"{&quot;background_background&quot;:&quot;gradient&quot;}\">\n\t\t\t<div class=\"elementor-widget-wrap elementor-element-populated\">\n\t\t\t\t\t\t<div class=\"elementor-element elementor-element-76a89534 elementor-widget elementor-widget-heading\" data-id=\"76a89534\" data-element_type=\"widget\" data-widget_type=\"heading.default\">\n\t\t\t\t<div class=\"elementor-widget-container\">\n\t\t\t\t\t<h2 class=\"elementor-heading-title elementor-size-default\">Charter<\/h2>\t\t\t\t<\/div>\n\t\t\t\t<\/div>\n\t\t\t\t<div class=\"elementor-element elementor-element-55113931 elementor-widget elementor-widget-text-editor\" data-id=\"55113931\" data-element_type=\"widget\" data-widget_type=\"text-editor.default\">\n\t\t\t\t<div class=\"elementor-widget-container\">\n\t\t\t\t\t\t\t\t\t<p><span style=\"font-weight: 400;\">xx Vakf\u0131, fiziksel ve sanal etkinlikler, dApp geli\u015ftirme, yar\u0131\u015fmalar, ara\u015ft\u0131rmalar, hackathonlar ve ortakl\u0131klar d\u00fczenleme konusundaki topluluk \u00e7abalar\u0131n\u0131 destekleyerek xx network'yi desteklemeye ve pazarlamaya odaklanmak \u00fczere yasal olarak kurulmu\u015f bir Cayman vak\u0131f \u015firketidir.<\/span><\/p>\t\t\t\t\t\t\t\t<\/div>\n\t\t\t\t<\/div>\n\t\t\t\t\t<\/div>\n\t\t<\/div>\n\t\t\t\t<div class=\"elementor-column elementor-col-33 elementor-top-column elementor-element elementor-element-30849611\" data-id=\"30849611\" data-element_type=\"column\" data-settings=\"{&quot;background_background&quot;:&quot;gradient&quot;}\">\n\t\t\t<div class=\"elementor-widget-wrap elementor-element-populated\">\n\t\t\t\t\t\t<div class=\"elementor-element elementor-element-5c986e81 elementor-widget elementor-widget-heading\" data-id=\"5c986e81\" data-element_type=\"widget\" data-widget_type=\"heading.default\">\n\t\t\t\t<div class=\"elementor-widget-container\">\n\t\t\t\t\t<h2 class=\"elementor-heading-title elementor-size-default\">xx Y\u00f6neti\u015fim<\/h2>\t\t\t\t<\/div>\n\t\t\t\t<\/div>\n\t\t\t\t<div class=\"elementor-element elementor-element-73e60581 elementor-widget elementor-widget-text-editor\" data-id=\"73e60581\" data-element_type=\"widget\" data-widget_type=\"text-editor.default\">\n\t\t\t\t<div class=\"elementor-widget-container\">\n\t\t\t\t\t\t\t\t\txx d\u00fc\u011f\u00fcmleri taraf\u0131ndan \u00e7al\u0131\u015ft\u0131r\u0131lan ve xx network'nin temelini olu\u015fturan \u00e7ekirdek yaz\u0131l\u0131m\u0131n kontrol\u00fc, nihayetinde 1TP8Sahipleri taraf\u0131ndan kontrol edilen ve oylanan xx onchain y\u00f6neti\u015fimine verilmi\u015ftir.  xx Vakf\u0131, t\u00fcz\u00fc\u011f\u00fcnde belirtildi\u011fi gibi bir destek kurulu\u015fudur.\t\t\t\t\t\t\t\t<\/div>\n\t\t\t\t<\/div>\n\t\t\t\t\t<\/div>\n\t\t<\/div>\n\t\t\t\t\t<\/div>\n\t\t<\/section>\n\t\t\t\t<section class=\"elementor-section elementor-top-section elementor-element elementor-element-15bb9b0 elementor-section-boxed elementor-section-height-default elementor-section-height-default\" data-id=\"15bb9b0\" data-element_type=\"section\" data-settings=\"{&quot;background_background&quot;:&quot;classic&quot;}\">\n\t\t\t\t\t\t<div class=\"elementor-container elementor-column-gap-default\">\n\t\t\t\t\t<div class=\"elementor-column elementor-col-100 elementor-top-column elementor-element elementor-element-3d095dda\" data-id=\"3d095dda\" data-element_type=\"column\">\n\t\t\t<div class=\"elementor-widget-wrap elementor-element-populated\">\n\t\t\t\t\t\t<section class=\"elementor-section elementor-inner-section elementor-element elementor-element-1690e533 elementor-section-boxed elementor-section-height-default elementor-section-height-default\" data-id=\"1690e533\" data-element_type=\"section\" data-settings=\"{&quot;background_background&quot;:&quot;classic&quot;}\">\n\t\t\t\t\t\t<div class=\"elementor-container elementor-column-gap-default\">\n\t\t\t\t\t<div class=\"elementor-column elementor-col-50 elementor-inner-column elementor-element elementor-element-75f24b54\" data-id=\"75f24b54\" data-element_type=\"column\" data-settings=\"{&quot;background_background&quot;:&quot;classic&quot;}\">\n\t\t\t<div class=\"elementor-widget-wrap elementor-element-populated\">\n\t\t\t\t\t\t<div class=\"elementor-element elementor-element-6d335ec2 elementor-widget elementor-widget-spacer\" data-id=\"6d335ec2\" data-element_type=\"widget\" data-widget_type=\"spacer.default\">\n\t\t\t\t<div class=\"elementor-widget-container\">\n\t\t\t\t\t\t\t<div class=\"elementor-spacer\">\n\t\t\t<div class=\"elementor-spacer-inner\"><\/div>\n\t\t<\/div>\n\t\t\t\t\t\t<\/div>\n\t\t\t\t<\/div>\n\t\t\t\t\t<\/div>\n\t\t<\/div>\n\t\t\t\t<div class=\"elementor-column elementor-col-50 elementor-inner-column elementor-element elementor-element-487d0c22\" data-id=\"487d0c22\" data-element_type=\"column\">\n\t\t\t<div class=\"elementor-widget-wrap elementor-element-populated\">\n\t\t\t\t\t\t<div class=\"elementor-element elementor-element-4cce0b94 elementor-widget elementor-widget-heading\" data-id=\"4cce0b94\" data-element_type=\"widget\" data-widget_type=\"heading.default\">\n\t\t\t\t<div class=\"elementor-widget-container\">\n\t\t\t\t\t<h2 class=\"elementor-heading-title elementor-size-default\">Toplumumuz<\/h2>\t\t\t\t<\/div>\n\t\t\t\t<\/div>\n\t\t\t\t<div class=\"elementor-element elementor-element-4c5bb442 elementor-widget elementor-widget-text-editor\" data-id=\"4c5bb442\" data-element_type=\"widget\" data-widget_type=\"text-editor.default\">\n\t\t\t\t<div class=\"elementor-widget-container\">\n\t\t\t\t\t\t\t\t\t<p>xx Vakf\u0131, gerekti\u011fi zaman ve gerekti\u011fi \u015fekilde de\u011fer aktarma hakk\u0131n\u0131 ve ki\u015finin kendi verilerini ve ki\u015fisel bilgilerini kontrol etme hakk\u0131n\u0131 desteklemektedir. \u00c7evrimi\u00e7i ileti\u015fim uygulamalar\u0131n\u0131n \u00f6zel, g\u00fcvenli ve herkes taraf\u0131ndan eri\u015filebilir olmas\u0131 gerekti\u011fine inan\u0131yoruz.<\/p>\t\t\t\t\t\t\t\t<\/div>\n\t\t\t\t<\/div>\n\t\t\t\t<div class=\"elementor-element elementor-element-3e24bd77 elementor-widget__width-auto elementor-widget-mobile__width-inherit premium-lq__none elementor-widget elementor-widget-premium-addon-button\" data-id=\"3e24bd77\" data-element_type=\"widget\" data-widget_type=\"premium-addon-button.default\">\n\t\t\t\t<div class=\"elementor-widget-container\">\n\t\t\t\t\t\n\n\t\t<a class=\"premium-button premium-button-none premium-btn-lg premium-button-none\" href=\"\/tr\/welcome\/\">\n\t\t\t<div class=\"premium-button-text-icon-wrapper\">\n\t\t\t\t\n\t\t\t\t\t\t\t\t\t<span >\n\t\t\t\t\t\tToplulu\u011fa Kat\u0131l\u0131n\t\t\t\t\t<\/span>\n\t\t\t\t\n\t\t\t\t\t\t\t<\/div>\n\n\t\t\t\n\t\t\t\n\t\t\t\n\t\t<\/a>\n\n\n\t\t\t\t\t\t<\/div>\n\t\t\t\t<\/div>\n\t\t\t\t\t<\/div>\n\t\t<\/div>\n\t\t\t\t\t<\/div>\n\t\t<\/section>\n\t\t\t\t\t<\/div>\n\t\t<\/div>\n\t\t\t\t\t<\/div>\n\t\t<\/section>\n\t\t\t\t<section class=\"elementor-section elementor-top-section elementor-element elementor-element-2870397b elementor-section-boxed elementor-section-height-default elementor-section-height-default\" data-id=\"2870397b\" data-element_type=\"section\">\n\t\t\t\t\t\t<div class=\"elementor-container elementor-column-gap-default\">\n\t\t\t\t\t<div class=\"elementor-column elementor-col-100 elementor-top-column elementor-element elementor-element-421980b4\" data-id=\"421980b4\" data-element_type=\"column\">\n\t\t\t<div class=\"elementor-widget-wrap\">\n\t\t\t\t\t\t\t<\/div>\n\t\t<\/div>\n\t\t\t\t\t<\/div>\n\t\t<\/section>\n\t\t\t\t<\/div>","protected":false},"excerpt":{"rendered":"<p>The xx Foundation is a registered Cayman foundation company formed in April 2022. Board The xx Foundation board is currently [&#8230;]<\/p>\n<p><a class=\"btn btn-secondary understrap-read-more-link\" href=\"https:\/\/xxfoundation.org\/tr\/entity\/\">Daha fazlas\u0131n\u0131 oku\u2026<span class=\"screen-reader-text\"> from Entity<\/span><\/a><\/p>","protected":false},"author":174,"featured_media":18773,"parent":0,"menu_order":0,"comment_status":"closed","ping_status":"closed","template":"elementor_header_footer","meta":{"_acf_changed":false,"footnotes":""},"class_list":["post-26059","page","type-page","status-publish","has-post-thumbnail","hentry"],"acf":[],"yoast_head":"<!-- This site is optimized with the Yoast SEO plugin v25.6 - https:\/\/yoast.com\/wordpress\/plugins\/seo\/ -->\n<title>Entity - xx Foundation<\/title>\n<meta name=\"robots\" content=\"index, follow, max-snippet:-1, max-image-preview:large, max-video-preview:-1\" \/>\n<link rel=\"canonical\" href=\"https:\/\/rqaqashd.elementor.cloud\/entity\/\" \/>\n<meta property=\"og:locale\" content=\"tr_TR\" \/>\n<meta property=\"og:type\" content=\"article\" \/>\n<meta property=\"og:title\" content=\"Entity - xx Foundation\" \/>\n<meta property=\"og:description\" content=\"The xx Foundation is a registered Cayman foundation company formed in April 2022. Board The xx Foundation board is currently [...]Daha fazlas\u0131n\u0131 oku\u2026 from Entity\" \/>\n<meta property=\"og:url\" content=\"https:\/\/rqaqashd.elementor.cloud\/entity\/\" \/>\n<meta property=\"og:site_name\" content=\"xx Foundation\" \/>\n<meta property=\"article:modified_time\" content=\"2023-11-18T03:20:41+00:00\" \/>\n<meta property=\"og:image\" content=\"https:\/\/rqaqashd.elementor.cloud\/wp-content\/uploads\/2022\/01\/What-is-it-like-to-be-an-xx-Node_.jpg\" \/>\n\t<meta property=\"og:image:width\" content=\"1920\" \/>\n\t<meta property=\"og:image:height\" content=\"1080\" \/>\n\t<meta property=\"og:image:type\" content=\"image\/jpeg\" \/>\n<meta name=\"twitter:card\" content=\"summary_large_image\" \/>\n<meta name=\"twitter:label1\" content=\"Tahmini okuma s\u00fcresi\" \/>\n\t<meta name=\"twitter:data1\" content=\"1 dakika\" \/>\n<script type=\"application\/ld+json\" class=\"yoast-schema-graph\">{\"@context\":\"https:\/\/schema.org\",\"@graph\":[{\"@type\":\"WebPage\",\"@id\":\"https:\/\/rqaqashd.elementor.cloud\/entity\/\",\"url\":\"https:\/\/rqaqashd.elementor.cloud\/entity\/\",\"name\":\"Entity - xx Foundation\",\"isPartOf\":{\"@id\":\"https:\/\/rqaqashd.elementor.cloud\/#website\"},\"primaryImageOfPage\":{\"@id\":\"https:\/\/rqaqashd.elementor.cloud\/entity\/#primaryimage\"},\"image\":{\"@id\":\"https:\/\/rqaqashd.elementor.cloud\/entity\/#primaryimage\"},\"thumbnailUrl\":\"https:\/\/xxfoundation.org\/wp-content\/uploads\/2022\/01\/What-is-it-like-to-be-an-xx-Node_.jpg\",\"datePublished\":\"2022-08-02T22:29:01+00:00\",\"dateModified\":\"2023-11-18T03:20:41+00:00\",\"breadcrumb\":{\"@id\":\"https:\/\/rqaqashd.elementor.cloud\/entity\/#breadcrumb\"},\"inLanguage\":\"tr\",\"potentialAction\":[{\"@type\":\"ReadAction\",\"target\":[\"https:\/\/rqaqashd.elementor.cloud\/entity\/\"]}]},{\"@type\":\"ImageObject\",\"inLanguage\":\"tr\",\"@id\":\"https:\/\/rqaqashd.elementor.cloud\/entity\/#primaryimage\",\"url\":\"https:\/\/xxfoundation.org\/wp-content\/uploads\/2022\/01\/What-is-it-like-to-be-an-xx-Node_.jpg\",\"contentUrl\":\"https:\/\/xxfoundation.org\/wp-content\/uploads\/2022\/01\/What-is-it-like-to-be-an-xx-Node_.jpg\",\"width\":1920,\"height\":1080},{\"@type\":\"BreadcrumbList\",\"@id\":\"https:\/\/rqaqashd.elementor.cloud\/entity\/#breadcrumb\",\"itemListElement\":[{\"@type\":\"ListItem\",\"position\":1,\"name\":\"Home\",\"item\":\"https:\/\/xxfoundation.org\/\"},{\"@type\":\"ListItem\",\"position\":2,\"name\":\"Entity\"}]},{\"@type\":\"WebSite\",\"@id\":\"https:\/\/rqaqashd.elementor.cloud\/#website\",\"url\":\"https:\/\/rqaqashd.elementor.cloud\/\",\"name\":\"xx Foundation\",\"description\":\"The xx Foundation is dedicated to building a Web3 ecosystem that prioritizes privacy, security and transparency.\",\"publisher\":{\"@id\":\"https:\/\/rqaqashd.elementor.cloud\/#organization\"},\"potentialAction\":[{\"@type\":\"SearchAction\",\"target\":{\"@type\":\"EntryPoint\",\"urlTemplate\":\"https:\/\/rqaqashd.elementor.cloud\/?s={search_term_string}\"},\"query-input\":{\"@type\":\"PropertyValueSpecification\",\"valueRequired\":true,\"valueName\":\"search_term_string\"}}],\"inLanguage\":\"tr\"},{\"@type\":\"Organization\",\"@id\":\"https:\/\/rqaqashd.elementor.cloud\/#organization\",\"name\":\"xx Foundation\",\"url\":\"https:\/\/rqaqashd.elementor.cloud\/\",\"logo\":{\"@type\":\"ImageObject\",\"inLanguage\":\"tr\",\"@id\":\"https:\/\/rqaqashd.elementor.cloud\/#\/schema\/logo\/image\/\",\"url\":\"https:\/\/xxfoundation.org\/wp-content\/uploads\/2022\/08\/xx-foundation-logo-color.svg\",\"contentUrl\":\"https:\/\/xxfoundation.org\/wp-content\/uploads\/2022\/08\/xx-foundation-logo-color.svg\",\"width\":139,\"height\":22,\"caption\":\"xx Foundation\"},\"image\":{\"@id\":\"https:\/\/rqaqashd.elementor.cloud\/#\/schema\/logo\/image\/\"}}]}<\/script>\n<!-- \/ Yoast SEO plugin. -->","yoast_head_json":{"title":"Varl\u0131k - xx Vakf\u0131","robots":{"index":"index","follow":"follow","max-snippet":"max-snippet:-1","max-image-preview":"max-image-preview:large","max-video-preview":"max-video-preview:-1"},"canonical":"https:\/\/rqaqashd.elementor.cloud\/entity\/","og_locale":"tr_TR","og_type":"article","og_title":"Entity - xx Foundation","og_description":"The xx Foundation is a registered Cayman foundation company formed in April 2022. Board The xx Foundation board is currently [...]Daha fazlas\u0131n\u0131 oku\u2026 from Entity","og_url":"https:\/\/rqaqashd.elementor.cloud\/entity\/","og_site_name":"xx Foundation","article_modified_time":"2023-11-18T03:20:41+00:00","og_image":[{"width":1920,"height":1080,"url":"https:\/\/rqaqashd.elementor.cloud\/wp-content\/uploads\/2022\/01\/What-is-it-like-to-be-an-xx-Node_.jpg","type":"image\/jpeg"}],"twitter_card":"summary_large_image","twitter_misc":{"Tahmini okuma s\u00fcresi":"1 dakika"},"schema":{"@context":"https:\/\/schema.org","@graph":[{"@type":"WebPage","@id":"https:\/\/rqaqashd.elementor.cloud\/entity\/","url":"https:\/\/rqaqashd.elementor.cloud\/entity\/","name":"Varl\u0131k - xx Vakf\u0131","isPartOf":{"@id":"https:\/\/rqaqashd.elementor.cloud\/#website"},"primaryImageOfPage":{"@id":"https:\/\/rqaqashd.elementor.cloud\/entity\/#primaryimage"},"image":{"@id":"https:\/\/rqaqashd.elementor.cloud\/entity\/#primaryimage"},"thumbnailUrl":"https:\/\/xxfoundation.org\/wp-content\/uploads\/2022\/01\/What-is-it-like-to-be-an-xx-Node_.jpg","datePublished":"2022-08-02T22:29:01+00:00","dateModified":"2023-11-18T03:20:41+00:00","breadcrumb":{"@id":"https:\/\/rqaqashd.elementor.cloud\/entity\/#breadcrumb"},"inLanguage":"tr","potentialAction":[{"@type":"ReadAction","target":["https:\/\/rqaqashd.elementor.cloud\/entity\/"]}]},{"@type":"ImageObject","inLanguage":"tr","@id":"https:\/\/rqaqashd.elementor.cloud\/entity\/#primaryimage","url":"https:\/\/xxfoundation.org\/wp-content\/uploads\/2022\/01\/What-is-it-like-to-be-an-xx-Node_.jpg","contentUrl":"https:\/\/xxfoundation.org\/wp-content\/uploads\/2022\/01\/What-is-it-like-to-be-an-xx-Node_.jpg","width":1920,"height":1080},{"@type":"BreadcrumbList","@id":"https:\/\/rqaqashd.elementor.cloud\/entity\/#breadcrumb","itemListElement":[{"@type":"ListItem","position":1,"name":"Home","item":"https:\/\/xxfoundation.org\/"},{"@type":"ListItem","position":2,"name":"Entity"}]},{"@type":"WebSite","@id":"https:\/\/rqaqashd.elementor.cloud\/#website","url":"https:\/\/rqaqashd.elementor.cloud\/","name":"xx Vak\u0131f","description":"xx Vakf\u0131, gizlilik, g\u00fcvenlik ve \u015feffafl\u0131\u011fa \u00f6ncelik veren bir Web3 ekosistemi olu\u015fturmaya kendini adam\u0131\u015ft\u0131r.","publisher":{"@id":"https:\/\/rqaqashd.elementor.cloud\/#organization"},"potentialAction":[{"@type":"SearchAction","target":{"@type":"EntryPoint","urlTemplate":"https:\/\/rqaqashd.elementor.cloud\/?s={search_term_string}"},"query-input":{"@type":"PropertyValueSpecification","valueRequired":true,"valueName":"search_term_string"}}],"inLanguage":"tr"},{"@type":"Organization","@id":"https:\/\/rqaqashd.elementor.cloud\/#organization","name":"xx Vak\u0131f","url":"https:\/\/rqaqashd.elementor.cloud\/","logo":{"@type":"ImageObject","inLanguage":"tr","@id":"https:\/\/rqaqashd.elementor.cloud\/#\/schema\/logo\/image\/","url":"https:\/\/xxfoundation.org\/wp-content\/uploads\/2022\/08\/xx-foundation-logo-color.svg","contentUrl":"https:\/\/xxfoundation.org\/wp-content\/uploads\/2022\/08\/xx-foundation-logo-color.svg","width":139,"height":22,"caption":"xx Foundation"},"image":{"@id":"https:\/\/rqaqashd.elementor.cloud\/#\/schema\/logo\/image\/"}}]}},"_links":{"self":[{"href":"https:\/\/xxfoundation.org\/tr\/wp-json\/wp\/v2\/pages\/26059","targetHints":{"allow":["GET"]}}],"collection":[{"href":"https:\/\/xxfoundation.org\/tr\/wp-json\/wp\/v2\/pages"}],"about":[{"href":"https:\/\/xxfoundation.org\/tr\/wp-json\/wp\/v2\/types\/page"}],"author":[{"embeddable":true,"href":"https:\/\/xxfoundation.org\/tr\/wp-json\/wp\/v2\/users\/174"}],"replies":[{"embeddable":true,"href":"https:\/\/xxfoundation.org\/tr\/wp-json\/wp\/v2\/comments?post=26059"}],"version-history":[{"count":0,"href":"https:\/\/xxfoundation.org\/tr\/wp-json\/wp\/v2\/pages\/26059\/revisions"}],"wp:featuredmedia":[{"embeddable":true,"href":"https:\/\/xxfoundation.org\/tr\/wp-json\/wp\/v2\/media\/18773"}],"wp:attachment":[{"href":"https:\/\/xxfoundation.org\/tr\/wp-json\/wp\/v2\/media?parent=26059"}],"curies":[{"name":"wp","href":"https:\/\/api.w.org\/{rel}","templated":true}]}}