{"id":24631,"date":"2022-07-19T09:18:54","date_gmt":"2022-07-19T16:18:54","guid":{"rendered":"https:\/\/xxn-02.site.strattic.io\/?page_id=24631"},"modified":"2022-09-29T16:11:33","modified_gmt":"2022-09-29T23:11:33","slug":"mainnet-transition-program-configuration-and-commitment-applet-instructions","status":"publish","type":"page","link":"https:\/\/xxfoundation.org\/tr\/mainnet-transition-program-configuration-and-commitment-applet-instructions\/","title":{"rendered":"MainNet Ge\u00e7i\u015f Program\u0131 Yap\u0131land\u0131rma ve Taahh\u00fct Uygulamas\u0131 Talimatlar\u0131"},"content":{"rendered":"<p><\/p>\n\n\n\n<p><\/p>\n\n\n\n<h2 class=\"wp-block-heading\" id=\"h-download\">\u0130ndirin:<\/h2>\n\n\n\n<p>\u0130\u015fletim sisteminiz i\u00e7in do\u011fru dosyay\u0131 indirin. \u0130ndirdi\u011finiz dosyan\u0131n b\u00fct\u00fcnl\u00fc\u011f\u00fcn\u00fc do\u011frulamak i\u00e7in sa\u011flanan SHA256 sa\u011flama toplamlar\u0131n\u0131 kullanabilirsiniz.<\/p>\n\n\n\n<ul class=\"wp-block-list\" style=\"font-style:normal;font-weight:400\"><li> <strong><a href=\"https:\/\/docs.xx.network\/mainnet-commitment-form\/v2\/mainnet-commitments-form-x64-darwin.zip\" target=\"_blank\" rel=\"noreferrer noopener\">macOS<\/a> <\/strong>(Intel ve M1) <br> <small>SHA-256 Checksum: <code>c205ddac060ce46817d473c5d17c1b241020a9b17779b7456f7c8649bec0faee<\/code><\/small> <\/li><li> <strong><a href=\"https:\/\/docs.xx.network\/mainnet-commitment-form\/v2\/mainnet-commitments-form-x64-win.zip\" target=\"_blank\" rel=\"noreferrer noopener\">Pencereler<\/a><\/strong> <br> <small>SHA-256 Checksum: <code>3fe45c4bf46b129dbf35bd77b60c26b941a07ebfa6a9e7c36a46d30f299f299e<\/code><\/small><\/li><li> <strong><a href=\"https:\/\/docs.xx.network\/mainnet-commitment-form\/v2\/mainnet-commitments-form-x64-linux.zip\" target=\"_blank\" rel=\"noreferrer noopener\">Linux<\/a><\/strong> <br> <small>SHA-256 Checksum: <code>acac5d8d2639e7a0704d2f77988847a4b5b059901c5e489385b09712d9dd1002<\/code><\/small> <\/li><li> <strong>Kaynak:<\/strong> <a href=\"https:\/\/git.xx.network\/elixxir\/mainnet-commitments\/-\/tree\/jonah\/tm-change\" target=\"_blank\" rel=\"noreferrer noopener\">elixxir\/mainnet-commitments<\/a> depo <\/li><li> <strong>GUI Kayna\u011f\u0131:<\/strong> <a href=\"https:\/\/git.xx.network\/elixxir\/mainnet-commitments-ui\/-\/tree\/TeamMultiplierChange\" target=\"_blank\" rel=\"noreferrer noopener\">elixxir\/mainnet-commitments-ui<\/a> depo <\/li><\/ul>\n\n\n\n<h2 class=\"wp-block-heading\" id=\"h-instructions\">Talimatlar<\/h2>\n\n\n\n<h3 class=\"wp-block-heading\" id=\"h-set-up\">Kurulum<\/h3>\n\n\n\n<h4 class=\"wp-block-heading\" id=\"h-macos\">macOS<\/h4>\n\n\n\n<ol class=\"wp-block-list\"><li>Yukar\u0131daki macOS i\u00e7in zip dosyas\u0131n\u0131 indirin. Ayn\u0131 dosya hem M1 hem de Intel Mac'lerde \u00e7al\u0131\u015facakt\u0131r.<\/li><li>Zip dosyas\u0131na \u00e7ift t\u0131klay\u0131n. Uygulama ayn\u0131 konuma \u00e7\u0131kar\u0131lacakt\u0131r.<\/li><li>Uygulamaya sa\u011f t\u0131klay\u0131n ve \"A\u00e7 \"\u0131 se\u00e7in.<\/li><li>Uygulaman\u0131n do\u011frulanamad\u0131\u011f\u0131n\u0131 belirten bir uyar\u0131 g\u00f6r\u00fcnecektir. Devam etmek i\u00e7in \"A\u00e7\" d\u00fc\u011fmesine t\u0131klay\u0131n.<\/li><\/ol>\n\n\n\n<h4 class=\"wp-block-heading\" id=\"h-windows\">Pencereler<\/h4>\n\n\n\n<ol class=\"wp-block-list\"><li>Yukar\u0131daki Windows i\u00e7in zip dosyas\u0131n\u0131 indirin.<\/li><li>B\u00fcy\u00fck olas\u0131l\u0131kla indirilenler klas\u00f6r\u00fcn\u00fczde bulunan indirmenin dosya konumunu a\u00e7\u0131n.<\/li><li>Zip dosyas\u0131ndaki dosyalar\u0131 \u00e7\u0131kar\u0131n ve ba\u015flat\u0131n <code>nw.exe<\/code>.<\/li><\/ol>\n\n\n\n<h4 class=\"wp-block-heading\" id=\"h-linux\">Linux<\/h4>\n\n\n\n<ol class=\"wp-block-list\"><li>Linux i\u00e7in zip dosyas\u0131n\u0131 indirin.<\/li><li>Zip dosyas\u0131n\u0131n i\u00e7eri\u011fini ay\u0131klay\u0131n. <pre class=\"wp-block-code\"><code><strong>$<\/strong> unzip mainnet-commitments-linux-x64.zip<\/code><\/pre><\/li><li>\u00c7\u0131kar\u0131lan dizini girin. <pre class=\"wp-block-code\"><code><strong>$<\/strong> cd nwjs-*<\/code><\/pre><\/li><li>\u00c7al\u0131\u015ft\u0131r <code>nw<\/code> \u00e7al\u0131\u015ft\u0131r\u0131labilir. <pre class=\"wp-block-code\"><code><strong>$<\/strong> .\/nw<\/code><\/pre><\/li><\/ol>\n\n\n\n<h3 class=\"wp-block-heading\" id=\"h-using-the-form\">Formu Kullanma<\/h3>\n\n\n\n<p>Bu formu doldurmak i\u00e7in d\u00fc\u011f\u00fcm\u00fcn\u00fcz\u00fcn kimlik bilgilerine (anahtar, genel sertifika ve IDF) ihtiyac\u0131n\u0131z vard\u0131r. \u00d6nceki talimatlara g\u00f6re ekip, d\u00fc\u011f\u00fcm operat\u00f6rlerinin bunlar\u0131 g\u00fcvenli bir yerde bulundurmas\u0131n\u0131 beklemektedir. Bunlar\u0131 bulmak i\u00e7in \u015fu adrese bak\u0131n <a href=\"https:\/\/xxnetwork.wiki\/Finding_Betanet_Node_Credentials\">Betanet D\u00fc\u011f\u00fcm Kimlik Bilgilerini Bulma<\/a> wiki'de. E\u011fer bunlara hen\u00fcz sahip de\u011filseniz, uygulamay\u0131 \u00e7al\u0131\u015ft\u0131rd\u0131\u011f\u0131n\u0131z makineye indirin.<\/p>\n\n\n\n<ol class=\"wp-block-list\"><li>\u0130lk olarak, Node'unuzun genel sertifikas\u0131n\u0131 se\u00e7in. Bu bir <code>.crt<\/code> veya <code>.cert<\/code> Dosya.<\/li><li>Node'unuzun \u00f6zel anahtar\u0131n\u0131 se\u00e7in. Bu bir <code>.key<\/code> Dosya.<\/li><li>D\u00fc\u011f\u00fcm\u00fcn\u00fcz\u00fcn kimlik dosyas\u0131n\u0131 (IDF) se\u00e7in. Bu bir <code>.json<\/code> Dosya.<\/li><li>C\u00fczdan\u0131n\u0131z\u0131 ve bahis bilgilerinizi aramak i\u00e7in g\u00f6nder d\u00fc\u011fmesine bas\u0131n.<\/li><li>Bir sonraki sayfada, g\u00f6nderdi\u011finiz e-posta (e\u011fer g\u00f6nderdiyseniz) ve aday g\u00f6steren ve onaylayan c\u00fczdan adresleri sunulacakt\u0131r. Bunlar\u0131 oldu\u011fu gibi b\u0131rakabilir veya iste\u011fe ba\u011fl\u0131 olarak de\u011fi\u015ftirebilirsiniz.<\/li><li>Bir sonraki sayfada, mevcut bahis miktar\u0131n\u0131z g\u00f6sterilir. De\u011fi\u015fikli\u011fi etkinle\u015ftirmek i\u00e7in onay kutusunu i\u015faretleyin ve istedi\u011finiz bahis miktar\u0131n\u0131 se\u00e7in. Bu iste\u011fe ba\u011fl\u0131d\u0131r; bu de\u011feri de\u011fi\u015ftirmeniz gerekmez.<\/li><li>Son sayfada s\u00f6zle\u015fmeyi g\u00f6zden ge\u00e7irin ve ko\u015fullar\u0131 kabul etmek i\u00e7in onay i\u015faretine bas\u0131n. S\u00f6zle\u015fmenin tamam\u0131n\u0131 ayr\u0131 bir sayfada g\u00f6r\u00fcnt\u00fcleyebilece\u011finizi veya kay\u0131tlar\u0131n\u0131z i\u00e7in yazd\u0131rabilece\u011finizi unutmay\u0131n.<\/li><li>\"G\u00f6nder\" d\u00fc\u011fmesine bas\u0131n ve onay mesaj\u0131n\u0131 bekleyin. Bu i\u015flem birka\u00e7 dakika s\u00fcrebilir.<\/li><\/ol>\n\n\n\n<p>Anahtarlar\u0131n\u0131z yan\u0131n\u0131zda de\u011filse ekip size yard\u0131mc\u0131 olamaz.<\/p>","protected":false},"excerpt":{"rendered":"<p>Download Download the correct file for your operating system. You can use the provided SHA256 checksums to verify the integrity [&#8230;]<\/p>\n<p><a class=\"btn btn-secondary understrap-read-more-link\" href=\"https:\/\/xxfoundation.org\/tr\/mainnet-transition-program-configuration-and-commitment-applet-instructions\/\">Daha fazlas\u0131n\u0131 oku\u2026<span class=\"screen-reader-text\"> from MainNet Transition Program Configuration and Commitment Applet Instructions<\/span><\/a><\/p>","protected":false},"author":174,"featured_media":18773,"parent":0,"menu_order":0,"comment_status":"closed","ping_status":"closed","template":"","meta":{"_acf_changed":false,"footnotes":""},"class_list":["post-24631","page","type-page","status-publish","has-post-thumbnail","hentry"],"acf":[],"yoast_head":"<!-- This site is optimized with the Yoast SEO plugin v25.6 - https:\/\/yoast.com\/wordpress\/plugins\/seo\/ -->\n<title>MainNet Transition Program Configuration and Commitment Applet Instructions - xx Foundation<\/title>\n<meta name=\"robots\" content=\"index, follow, max-snippet:-1, max-image-preview:large, max-video-preview:-1\" \/>\n<link rel=\"canonical\" href=\"https:\/\/rqaqashd.elementor.cloud\/mainnet-transition-program-configuration-and-commitment-applet-instructions\/\" \/>\n<meta property=\"og:locale\" content=\"tr_TR\" \/>\n<meta property=\"og:type\" content=\"article\" \/>\n<meta property=\"og:title\" content=\"MainNet Transition Program Configuration and Commitment Applet Instructions - xx Foundation\" \/>\n<meta property=\"og:description\" content=\"Download Download the correct file for your operating system. You can use the provided SHA256 checksums to verify the integrity [...]Daha fazlas\u0131n\u0131 oku\u2026 from MainNet Transition Program Configuration and Commitment Applet Instructions\" \/>\n<meta property=\"og:url\" content=\"https:\/\/rqaqashd.elementor.cloud\/mainnet-transition-program-configuration-and-commitment-applet-instructions\/\" \/>\n<meta property=\"og:site_name\" content=\"xx Foundation\" \/>\n<meta property=\"article:modified_time\" content=\"2022-09-29T23:11:33+00:00\" \/>\n<meta name=\"twitter:card\" content=\"summary_large_image\" \/>\n<meta name=\"twitter:label1\" content=\"Tahmini okuma s\u00fcresi\" \/>\n\t<meta name=\"twitter:data1\" content=\"2 dakika\" \/>\n<script type=\"application\/ld+json\" class=\"yoast-schema-graph\">{\"@context\":\"https:\/\/schema.org\",\"@graph\":[{\"@type\":\"WebPage\",\"@id\":\"https:\/\/rqaqashd.elementor.cloud\/mainnet-transition-program-configuration-and-commitment-applet-instructions\/\",\"url\":\"https:\/\/rqaqashd.elementor.cloud\/mainnet-transition-program-configuration-and-commitment-applet-instructions\/\",\"name\":\"MainNet Transition Program Configuration and Commitment Applet Instructions - xx Foundation\",\"isPartOf\":{\"@id\":\"https:\/\/rqaqashd.elementor.cloud\/#website\"},\"primaryImageOfPage\":{\"@id\":\"https:\/\/rqaqashd.elementor.cloud\/mainnet-transition-program-configuration-and-commitment-applet-instructions\/#primaryimage\"},\"image\":{\"@id\":\"https:\/\/rqaqashd.elementor.cloud\/mainnet-transition-program-configuration-and-commitment-applet-instructions\/#primaryimage\"},\"thumbnailUrl\":\"https:\/\/xxfoundation.org\/wp-content\/uploads\/2022\/01\/What-is-it-like-to-be-an-xx-Node_.jpg\",\"datePublished\":\"2022-07-19T16:18:54+00:00\",\"dateModified\":\"2022-09-29T23:11:33+00:00\",\"breadcrumb\":{\"@id\":\"https:\/\/rqaqashd.elementor.cloud\/mainnet-transition-program-configuration-and-commitment-applet-instructions\/#breadcrumb\"},\"inLanguage\":\"tr\",\"potentialAction\":[{\"@type\":\"ReadAction\",\"target\":[\"https:\/\/rqaqashd.elementor.cloud\/mainnet-transition-program-configuration-and-commitment-applet-instructions\/\"]}]},{\"@type\":\"ImageObject\",\"inLanguage\":\"tr\",\"@id\":\"https:\/\/rqaqashd.elementor.cloud\/mainnet-transition-program-configuration-and-commitment-applet-instructions\/#primaryimage\",\"url\":\"https:\/\/xxfoundation.org\/wp-content\/uploads\/2022\/01\/What-is-it-like-to-be-an-xx-Node_.jpg\",\"contentUrl\":\"https:\/\/xxfoundation.org\/wp-content\/uploads\/2022\/01\/What-is-it-like-to-be-an-xx-Node_.jpg\",\"width\":1920,\"height\":1080},{\"@type\":\"BreadcrumbList\",\"@id\":\"https:\/\/rqaqashd.elementor.cloud\/mainnet-transition-program-configuration-and-commitment-applet-instructions\/#breadcrumb\",\"itemListElement\":[{\"@type\":\"ListItem\",\"position\":1,\"name\":\"Home\",\"item\":\"https:\/\/xxfoundation.org\/\"},{\"@type\":\"ListItem\",\"position\":2,\"name\":\"MainNet Transition Program Configuration and Commitment Applet Instructions\"}]},{\"@type\":\"WebSite\",\"@id\":\"https:\/\/rqaqashd.elementor.cloud\/#website\",\"url\":\"https:\/\/rqaqashd.elementor.cloud\/\",\"name\":\"xx Foundation\",\"description\":\"The xx Foundation is dedicated to building a Web3 ecosystem that prioritizes privacy, security and transparency.\",\"publisher\":{\"@id\":\"https:\/\/rqaqashd.elementor.cloud\/#organization\"},\"potentialAction\":[{\"@type\":\"SearchAction\",\"target\":{\"@type\":\"EntryPoint\",\"urlTemplate\":\"https:\/\/rqaqashd.elementor.cloud\/?s={search_term_string}\"},\"query-input\":{\"@type\":\"PropertyValueSpecification\",\"valueRequired\":true,\"valueName\":\"search_term_string\"}}],\"inLanguage\":\"tr\"},{\"@type\":\"Organization\",\"@id\":\"https:\/\/rqaqashd.elementor.cloud\/#organization\",\"name\":\"xx Foundation\",\"url\":\"https:\/\/rqaqashd.elementor.cloud\/\",\"logo\":{\"@type\":\"ImageObject\",\"inLanguage\":\"tr\",\"@id\":\"https:\/\/rqaqashd.elementor.cloud\/#\/schema\/logo\/image\/\",\"url\":\"https:\/\/xxfoundation.org\/wp-content\/uploads\/2022\/08\/xx-foundation-logo-color.svg\",\"contentUrl\":\"https:\/\/xxfoundation.org\/wp-content\/uploads\/2022\/08\/xx-foundation-logo-color.svg\",\"width\":139,\"height\":22,\"caption\":\"xx Foundation\"},\"image\":{\"@id\":\"https:\/\/rqaqashd.elementor.cloud\/#\/schema\/logo\/image\/\"}}]}<\/script>\n<!-- \/ Yoast SEO plugin. -->","yoast_head_json":{"title":"MainNet Ge\u00e7i\u015f Program\u0131 Yap\u0131land\u0131rma ve Taahh\u00fct Uygulamas\u0131 Talimatlar\u0131 - xx Foundation","robots":{"index":"index","follow":"follow","max-snippet":"max-snippet:-1","max-image-preview":"max-image-preview:large","max-video-preview":"max-video-preview:-1"},"canonical":"https:\/\/rqaqashd.elementor.cloud\/mainnet-transition-program-configuration-and-commitment-applet-instructions\/","og_locale":"tr_TR","og_type":"article","og_title":"MainNet Transition Program Configuration and Commitment Applet Instructions - xx Foundation","og_description":"Download Download the correct file for your operating system. You can use the provided SHA256 checksums to verify the integrity [...]Daha fazlas\u0131n\u0131 oku\u2026 from MainNet Transition Program Configuration and Commitment Applet Instructions","og_url":"https:\/\/rqaqashd.elementor.cloud\/mainnet-transition-program-configuration-and-commitment-applet-instructions\/","og_site_name":"xx Foundation","article_modified_time":"2022-09-29T23:11:33+00:00","twitter_card":"summary_large_image","twitter_misc":{"Tahmini okuma s\u00fcresi":"2 dakika"},"schema":{"@context":"https:\/\/schema.org","@graph":[{"@type":"WebPage","@id":"https:\/\/rqaqashd.elementor.cloud\/mainnet-transition-program-configuration-and-commitment-applet-instructions\/","url":"https:\/\/rqaqashd.elementor.cloud\/mainnet-transition-program-configuration-and-commitment-applet-instructions\/","name":"MainNet Ge\u00e7i\u015f Program\u0131 Yap\u0131land\u0131rma ve Taahh\u00fct Uygulamas\u0131 Talimatlar\u0131 - xx Foundation","isPartOf":{"@id":"https:\/\/rqaqashd.elementor.cloud\/#website"},"primaryImageOfPage":{"@id":"https:\/\/rqaqashd.elementor.cloud\/mainnet-transition-program-configuration-and-commitment-applet-instructions\/#primaryimage"},"image":{"@id":"https:\/\/rqaqashd.elementor.cloud\/mainnet-transition-program-configuration-and-commitment-applet-instructions\/#primaryimage"},"thumbnailUrl":"https:\/\/xxfoundation.org\/wp-content\/uploads\/2022\/01\/What-is-it-like-to-be-an-xx-Node_.jpg","datePublished":"2022-07-19T16:18:54+00:00","dateModified":"2022-09-29T23:11:33+00:00","breadcrumb":{"@id":"https:\/\/rqaqashd.elementor.cloud\/mainnet-transition-program-configuration-and-commitment-applet-instructions\/#breadcrumb"},"inLanguage":"tr","potentialAction":[{"@type":"ReadAction","target":["https:\/\/rqaqashd.elementor.cloud\/mainnet-transition-program-configuration-and-commitment-applet-instructions\/"]}]},{"@type":"ImageObject","inLanguage":"tr","@id":"https:\/\/rqaqashd.elementor.cloud\/mainnet-transition-program-configuration-and-commitment-applet-instructions\/#primaryimage","url":"https:\/\/xxfoundation.org\/wp-content\/uploads\/2022\/01\/What-is-it-like-to-be-an-xx-Node_.jpg","contentUrl":"https:\/\/xxfoundation.org\/wp-content\/uploads\/2022\/01\/What-is-it-like-to-be-an-xx-Node_.jpg","width":1920,"height":1080},{"@type":"BreadcrumbList","@id":"https:\/\/rqaqashd.elementor.cloud\/mainnet-transition-program-configuration-and-commitment-applet-instructions\/#breadcrumb","itemListElement":[{"@type":"ListItem","position":1,"name":"Home","item":"https:\/\/xxfoundation.org\/"},{"@type":"ListItem","position":2,"name":"MainNet Transition Program Configuration and Commitment Applet Instructions"}]},{"@type":"WebSite","@id":"https:\/\/rqaqashd.elementor.cloud\/#website","url":"https:\/\/rqaqashd.elementor.cloud\/","name":"xx Vak\u0131f","description":"xx Vakf\u0131, gizlilik, g\u00fcvenlik ve \u015feffafl\u0131\u011fa \u00f6ncelik veren bir Web3 ekosistemi olu\u015fturmaya kendini adam\u0131\u015ft\u0131r.","publisher":{"@id":"https:\/\/rqaqashd.elementor.cloud\/#organization"},"potentialAction":[{"@type":"SearchAction","target":{"@type":"EntryPoint","urlTemplate":"https:\/\/rqaqashd.elementor.cloud\/?s={search_term_string}"},"query-input":{"@type":"PropertyValueSpecification","valueRequired":true,"valueName":"search_term_string"}}],"inLanguage":"tr"},{"@type":"Organization","@id":"https:\/\/rqaqashd.elementor.cloud\/#organization","name":"xx Vak\u0131f","url":"https:\/\/rqaqashd.elementor.cloud\/","logo":{"@type":"ImageObject","inLanguage":"tr","@id":"https:\/\/rqaqashd.elementor.cloud\/#\/schema\/logo\/image\/","url":"https:\/\/xxfoundation.org\/wp-content\/uploads\/2022\/08\/xx-foundation-logo-color.svg","contentUrl":"https:\/\/xxfoundation.org\/wp-content\/uploads\/2022\/08\/xx-foundation-logo-color.svg","width":139,"height":22,"caption":"xx Foundation"},"image":{"@id":"https:\/\/rqaqashd.elementor.cloud\/#\/schema\/logo\/image\/"}}]}},"_links":{"self":[{"href":"https:\/\/xxfoundation.org\/tr\/wp-json\/wp\/v2\/pages\/24631","targetHints":{"allow":["GET"]}}],"collection":[{"href":"https:\/\/xxfoundation.org\/tr\/wp-json\/wp\/v2\/pages"}],"about":[{"href":"https:\/\/xxfoundation.org\/tr\/wp-json\/wp\/v2\/types\/page"}],"author":[{"embeddable":true,"href":"https:\/\/xxfoundation.org\/tr\/wp-json\/wp\/v2\/users\/174"}],"replies":[{"embeddable":true,"href":"https:\/\/xxfoundation.org\/tr\/wp-json\/wp\/v2\/comments?post=24631"}],"version-history":[{"count":0,"href":"https:\/\/xxfoundation.org\/tr\/wp-json\/wp\/v2\/pages\/24631\/revisions"}],"wp:featuredmedia":[{"embeddable":true,"href":"https:\/\/xxfoundation.org\/tr\/wp-json\/wp\/v2\/media\/18773"}],"wp:attachment":[{"href":"https:\/\/xxfoundation.org\/tr\/wp-json\/wp\/v2\/media?parent=24631"}],"curies":[{"name":"wp","href":"https:\/\/api.w.org\/{rel}","templated":true}]}}