{"id":26059,"date":"2022-08-02T15:29:01","date_gmt":"2022-08-02T22:29:01","guid":{"rendered":"https:\/\/xx-fdn.site.strattic.io\/?page_id=26059"},"modified":"2023-11-17T20:20:41","modified_gmt":"2023-11-18T03:20:41","slug":"entity","status":"publish","type":"page","link":"https:\/\/xxfoundation.org\/pt\/entity\/","title":{"rendered":"Entidade"},"content":{"rendered":"<div data-elementor-type=\"wp-page\" data-elementor-id=\"26059\" class=\"elementor elementor-26059\" data-elementor-post-type=\"page\">\n\t\t\t\t\t\t<section class=\"elementor-section elementor-top-section elementor-element elementor-element-2fea9378 elementor-section-height-min-height elementor-section-boxed elementor-section-height-default elementor-section-items-middle\" data-id=\"2fea9378\" data-element_type=\"section\" data-settings=\"{&quot;background_background&quot;:&quot;classic&quot;}\">\n\t\t\t\t\t\t<div class=\"elementor-container elementor-column-gap-default\">\n\t\t\t\t\t<div class=\"elementor-column elementor-col-100 elementor-top-column elementor-element elementor-element-4b1abd77\" data-id=\"4b1abd77\" data-element_type=\"column\">\n\t\t\t<div class=\"elementor-widget-wrap elementor-element-populated\">\n\t\t\t\t\t\t<div class=\"elementor-element elementor-element-be11a82 elementor-widget__width-initial elementor-widget elementor-widget-heading\" data-id=\"be11a82\" data-element_type=\"widget\" data-widget_type=\"heading.default\">\n\t\t\t\t<div class=\"elementor-widget-container\">\n\t\t\t\t\t<h1 class=\"elementor-heading-title elementor-size-default\">A Funda\u00e7\u00e3o xx<\/h1>\t\t\t\t<\/div>\n\t\t\t\t<\/div>\n\t\t\t\t<div class=\"elementor-element elementor-element-20cfe8f6 elementor-widget__width-initial elementor-widget elementor-widget-text-editor\" data-id=\"20cfe8f6\" data-element_type=\"widget\" data-widget_type=\"text-editor.default\">\n\t\t\t\t<div class=\"elementor-widget-container\">\n\t\t\t\t\t\t\t\t\t<p>\u00e9 uma empresa registrada da funda\u00e7\u00e3o Cayman, formada em abril de 2022.<\/p>\t\t\t\t\t\t\t\t<\/div>\n\t\t\t\t<\/div>\n\t\t\t\t\t<\/div>\n\t\t<\/div>\n\t\t\t\t\t<\/div>\n\t\t<\/section>\n\t\t\t\t<section class=\"elementor-section elementor-top-section elementor-element elementor-element-52c52d0f elementor-section-boxed elementor-section-height-default elementor-section-height-default\" data-id=\"52c52d0f\" data-element_type=\"section\" data-settings=\"{&quot;background_background&quot;:&quot;classic&quot;}\">\n\t\t\t\t\t\t<div class=\"elementor-container elementor-column-gap-default\">\n\t\t\t\t\t<div class=\"elementor-column elementor-col-33 elementor-top-column elementor-element elementor-element-50ad7416\" data-id=\"50ad7416\" data-element_type=\"column\" data-settings=\"{&quot;background_background&quot;:&quot;gradient&quot;}\">\n\t\t\t<div class=\"elementor-widget-wrap elementor-element-populated\">\n\t\t\t\t\t\t<div class=\"elementor-element elementor-element-65519586 elementor-widget elementor-widget-heading\" data-id=\"65519586\" data-element_type=\"widget\" data-widget_type=\"heading.default\">\n\t\t\t\t<div class=\"elementor-widget-container\">\n\t\t\t\t\t<h2 class=\"elementor-heading-title elementor-size-default\">Conselho<\/h2>\t\t\t\t<\/div>\n\t\t\t\t<\/div>\n\t\t\t\t<div class=\"elementor-element elementor-element-83cedfa elementor-widget elementor-widget-text-editor\" data-id=\"83cedfa\" data-element_type=\"widget\" data-widget_type=\"text-editor.default\">\n\t\t\t\t<div class=\"elementor-widget-container\">\n\t\t\t\t\t\t\t\t\t<p><span style=\"font-weight: 400;\">A diretoria da xx Foundation \u00e9 composta atualmente por 4 diretores. Um deles \u00e9 um node runner original e l\u00edder comunit\u00e1rio que se juntou \u00e0 Funda\u00e7\u00e3o. Um \u00e9 especialista em DAO e conformidade legal de criptografia. Um \u00e9 um desenvolvedor de software central para o xx network e um \u00e9 especialista em estrutura\u00e7\u00e3o e gerenciamento corporativo.<\/span><\/p>\t\t\t\t\t\t\t\t<\/div>\n\t\t\t\t<\/div>\n\t\t\t\t\t<\/div>\n\t\t<\/div>\n\t\t\t\t<div class=\"elementor-column elementor-col-33 elementor-top-column elementor-element elementor-element-38cc4355\" data-id=\"38cc4355\" data-element_type=\"column\" data-settings=\"{&quot;background_background&quot;:&quot;gradient&quot;}\">\n\t\t\t<div class=\"elementor-widget-wrap elementor-element-populated\">\n\t\t\t\t\t\t<div class=\"elementor-element elementor-element-76a89534 elementor-widget elementor-widget-heading\" data-id=\"76a89534\" data-element_type=\"widget\" data-widget_type=\"heading.default\">\n\t\t\t\t<div class=\"elementor-widget-container\">\n\t\t\t\t\t<h2 class=\"elementor-heading-title elementor-size-default\">Carta<\/h2>\t\t\t\t<\/div>\n\t\t\t\t<\/div>\n\t\t\t\t<div class=\"elementor-element elementor-element-55113931 elementor-widget elementor-widget-text-editor\" data-id=\"55113931\" data-element_type=\"widget\" data-widget_type=\"text-editor.default\">\n\t\t\t\t<div class=\"elementor-widget-container\">\n\t\t\t\t\t\t\t\t\t<p><span style=\"font-weight: 400;\">A xx Foundation \u00e9 uma empresa de funda\u00e7\u00e3o de Cayman legalmente constitu\u00edda para se concentrar no apoio e no marketing do xx network por meio do apoio aos esfor\u00e7os da comunidade na realiza\u00e7\u00e3o de eventos f\u00edsicos e virtuais, desenvolvimento de dApp, competi\u00e7\u00f5es, pesquisas, hackathons e parcerias.<\/span><\/p>\t\t\t\t\t\t\t\t<\/div>\n\t\t\t\t<\/div>\n\t\t\t\t\t<\/div>\n\t\t<\/div>\n\t\t\t\t<div class=\"elementor-column elementor-col-33 elementor-top-column elementor-element elementor-element-30849611\" data-id=\"30849611\" data-element_type=\"column\" data-settings=\"{&quot;background_background&quot;:&quot;gradient&quot;}\">\n\t\t\t<div class=\"elementor-widget-wrap elementor-element-populated\">\n\t\t\t\t\t\t<div class=\"elementor-element elementor-element-5c986e81 elementor-widget elementor-widget-heading\" data-id=\"5c986e81\" data-element_type=\"widget\" data-widget_type=\"heading.default\">\n\t\t\t\t<div class=\"elementor-widget-container\">\n\t\t\t\t\t<h2 class=\"elementor-heading-title elementor-size-default\">xx Governan\u00e7a<\/h2>\t\t\t\t<\/div>\n\t\t\t\t<\/div>\n\t\t\t\t<div class=\"elementor-element elementor-element-73e60581 elementor-widget elementor-widget-text-editor\" data-id=\"73e60581\" data-element_type=\"widget\" data-widget_type=\"text-editor.default\">\n\t\t\t\t<div class=\"elementor-widget-container\">\n\t\t\t\t\t\t\t\t\tO controle do software principal que \u00e9 executado por xx n\u00f3s e que sustenta o xx network \u00e9 investido na governan\u00e7a da cadeia xx que \u00e9 controlada e votada pelo 1TP8Pastas.  A Funda\u00e7\u00e3o xx \u00e9 uma organiza\u00e7\u00e3o de apoio, conforme estabelecido em sua carta.\t\t\t\t\t\t\t\t<\/div>\n\t\t\t\t<\/div>\n\t\t\t\t\t<\/div>\n\t\t<\/div>\n\t\t\t\t\t<\/div>\n\t\t<\/section>\n\t\t\t\t<section class=\"elementor-section elementor-top-section elementor-element elementor-element-15bb9b0 elementor-section-boxed elementor-section-height-default elementor-section-height-default\" data-id=\"15bb9b0\" data-element_type=\"section\" data-settings=\"{&quot;background_background&quot;:&quot;classic&quot;}\">\n\t\t\t\t\t\t<div class=\"elementor-container elementor-column-gap-default\">\n\t\t\t\t\t<div class=\"elementor-column elementor-col-100 elementor-top-column elementor-element elementor-element-3d095dda\" data-id=\"3d095dda\" data-element_type=\"column\">\n\t\t\t<div class=\"elementor-widget-wrap elementor-element-populated\">\n\t\t\t\t\t\t<section class=\"elementor-section elementor-inner-section elementor-element elementor-element-1690e533 elementor-section-boxed elementor-section-height-default elementor-section-height-default\" data-id=\"1690e533\" data-element_type=\"section\" data-settings=\"{&quot;background_background&quot;:&quot;classic&quot;}\">\n\t\t\t\t\t\t<div class=\"elementor-container elementor-column-gap-default\">\n\t\t\t\t\t<div class=\"elementor-column elementor-col-50 elementor-inner-column elementor-element elementor-element-75f24b54\" data-id=\"75f24b54\" data-element_type=\"column\" data-settings=\"{&quot;background_background&quot;:&quot;classic&quot;}\">\n\t\t\t<div class=\"elementor-widget-wrap elementor-element-populated\">\n\t\t\t\t\t\t<div class=\"elementor-element elementor-element-6d335ec2 elementor-widget elementor-widget-spacer\" data-id=\"6d335ec2\" data-element_type=\"widget\" data-widget_type=\"spacer.default\">\n\t\t\t\t<div class=\"elementor-widget-container\">\n\t\t\t\t\t\t\t<div class=\"elementor-spacer\">\n\t\t\t<div class=\"elementor-spacer-inner\"><\/div>\n\t\t<\/div>\n\t\t\t\t\t\t<\/div>\n\t\t\t\t<\/div>\n\t\t\t\t\t<\/div>\n\t\t<\/div>\n\t\t\t\t<div class=\"elementor-column elementor-col-50 elementor-inner-column elementor-element elementor-element-487d0c22\" data-id=\"487d0c22\" data-element_type=\"column\">\n\t\t\t<div class=\"elementor-widget-wrap elementor-element-populated\">\n\t\t\t\t\t\t<div class=\"elementor-element elementor-element-4cce0b94 elementor-widget elementor-widget-heading\" data-id=\"4cce0b94\" data-element_type=\"widget\" data-widget_type=\"heading.default\">\n\t\t\t\t<div class=\"elementor-widget-container\">\n\t\t\t\t\t<h2 class=\"elementor-heading-title elementor-size-default\">Nossa Comunidade<\/h2>\t\t\t\t<\/div>\n\t\t\t\t<\/div>\n\t\t\t\t<div class=\"elementor-element elementor-element-4c5bb442 elementor-widget elementor-widget-text-editor\" data-id=\"4c5bb442\" data-element_type=\"widget\" data-widget_type=\"text-editor.default\">\n\t\t\t\t<div class=\"elementor-widget-container\">\n\t\t\t\t\t\t\t\t\t<p>A Funda\u00e7\u00e3o xx apoia o direito de transferir valor quando e conforme necess\u00e1rio e o direito de controlar seus pr\u00f3prios dados e informa\u00e7\u00f5es pessoais. Acreditamos que as aplica\u00e7\u00f5es de comunica\u00e7\u00e3o on-line devem ser privadas, seguras e acess\u00edveis a todos.<\/p>\t\t\t\t\t\t\t\t<\/div>\n\t\t\t\t<\/div>\n\t\t\t\t<div class=\"elementor-element elementor-element-3e24bd77 elementor-widget__width-auto elementor-widget-mobile__width-inherit premium-lq__none elementor-widget elementor-widget-premium-addon-button\" data-id=\"3e24bd77\" data-element_type=\"widget\" data-widget_type=\"premium-addon-button.default\">\n\t\t\t\t<div class=\"elementor-widget-container\">\n\t\t\t\t\t\n\n\t\t<a class=\"premium-button premium-button-none premium-btn-lg premium-button-none\" href=\"\/pt\/welcome\/\">\n\t\t\t<div class=\"premium-button-text-icon-wrapper\">\n\t\t\t\t\n\t\t\t\t\t\t\t\t\t<span >\n\t\t\t\t\t\tJunte-se \u00e0 Comunidade\t\t\t\t\t<\/span>\n\t\t\t\t\n\t\t\t\t\t\t\t<\/div>\n\n\t\t\t\n\t\t\t\n\t\t\t\n\t\t<\/a>\n\n\n\t\t\t\t\t\t<\/div>\n\t\t\t\t<\/div>\n\t\t\t\t\t<\/div>\n\t\t<\/div>\n\t\t\t\t\t<\/div>\n\t\t<\/section>\n\t\t\t\t\t<\/div>\n\t\t<\/div>\n\t\t\t\t\t<\/div>\n\t\t<\/section>\n\t\t\t\t<section class=\"elementor-section elementor-top-section elementor-element elementor-element-2870397b elementor-section-boxed elementor-section-height-default elementor-section-height-default\" data-id=\"2870397b\" data-element_type=\"section\">\n\t\t\t\t\t\t<div class=\"elementor-container elementor-column-gap-default\">\n\t\t\t\t\t<div class=\"elementor-column elementor-col-100 elementor-top-column elementor-element elementor-element-421980b4\" data-id=\"421980b4\" data-element_type=\"column\">\n\t\t\t<div class=\"elementor-widget-wrap\">\n\t\t\t\t\t\t\t<\/div>\n\t\t<\/div>\n\t\t\t\t\t<\/div>\n\t\t<\/section>\n\t\t\t\t<\/div>","protected":false},"excerpt":{"rendered":"<p>The xx Foundation is a registered Cayman foundation company formed in April 2022. Board The xx Foundation board is currently [&#8230;]<\/p>\n<p><a class=\"btn btn-secondary understrap-read-more-link\" href=\"https:\/\/xxfoundation.org\/pt\/entity\/\">Leia mais&#8230;<span class=\"screen-reader-text\"> from Entity<\/span><\/a><\/p>","protected":false},"author":174,"featured_media":18773,"parent":0,"menu_order":0,"comment_status":"closed","ping_status":"closed","template":"elementor_header_footer","meta":{"_acf_changed":false,"footnotes":""},"class_list":["post-26059","page","type-page","status-publish","has-post-thumbnail","hentry"],"acf":[],"yoast_head":"<!-- This site is optimized with the Yoast SEO plugin v25.6 - https:\/\/yoast.com\/wordpress\/plugins\/seo\/ -->\n<title>Entity - xx Foundation<\/title>\n<meta name=\"robots\" content=\"index, follow, max-snippet:-1, max-image-preview:large, max-video-preview:-1\" \/>\n<link rel=\"canonical\" href=\"https:\/\/rqaqashd.elementor.cloud\/entity\/\" \/>\n<meta property=\"og:locale\" content=\"pt_BR\" \/>\n<meta property=\"og:type\" content=\"article\" \/>\n<meta property=\"og:title\" content=\"Entity - xx Foundation\" \/>\n<meta property=\"og:description\" content=\"The xx Foundation is a registered Cayman foundation company formed in April 2022. Board The xx Foundation board is currently [...]Leia mais... from Entity\" \/>\n<meta property=\"og:url\" content=\"https:\/\/rqaqashd.elementor.cloud\/entity\/\" \/>\n<meta property=\"og:site_name\" content=\"xx Foundation\" \/>\n<meta property=\"article:modified_time\" content=\"2023-11-18T03:20:41+00:00\" \/>\n<meta property=\"og:image\" content=\"https:\/\/rqaqashd.elementor.cloud\/wp-content\/uploads\/2022\/01\/What-is-it-like-to-be-an-xx-Node_.jpg\" \/>\n\t<meta property=\"og:image:width\" content=\"1920\" \/>\n\t<meta property=\"og:image:height\" content=\"1080\" \/>\n\t<meta property=\"og:image:type\" content=\"image\/jpeg\" \/>\n<meta name=\"twitter:card\" content=\"summary_large_image\" \/>\n<meta name=\"twitter:label1\" content=\"Est. tempo de leitura\" \/>\n\t<meta name=\"twitter:data1\" content=\"1 minuto\" \/>\n<script type=\"application\/ld+json\" class=\"yoast-schema-graph\">{\"@context\":\"https:\/\/schema.org\",\"@graph\":[{\"@type\":\"WebPage\",\"@id\":\"https:\/\/rqaqashd.elementor.cloud\/entity\/\",\"url\":\"https:\/\/rqaqashd.elementor.cloud\/entity\/\",\"name\":\"Entity - xx Foundation\",\"isPartOf\":{\"@id\":\"https:\/\/rqaqashd.elementor.cloud\/#website\"},\"primaryImageOfPage\":{\"@id\":\"https:\/\/rqaqashd.elementor.cloud\/entity\/#primaryimage\"},\"image\":{\"@id\":\"https:\/\/rqaqashd.elementor.cloud\/entity\/#primaryimage\"},\"thumbnailUrl\":\"https:\/\/xxfoundation.org\/wp-content\/uploads\/2022\/01\/What-is-it-like-to-be-an-xx-Node_.jpg\",\"datePublished\":\"2022-08-02T22:29:01+00:00\",\"dateModified\":\"2023-11-18T03:20:41+00:00\",\"breadcrumb\":{\"@id\":\"https:\/\/rqaqashd.elementor.cloud\/entity\/#breadcrumb\"},\"inLanguage\":\"pt-BR\",\"potentialAction\":[{\"@type\":\"ReadAction\",\"target\":[\"https:\/\/rqaqashd.elementor.cloud\/entity\/\"]}]},{\"@type\":\"ImageObject\",\"inLanguage\":\"pt-BR\",\"@id\":\"https:\/\/rqaqashd.elementor.cloud\/entity\/#primaryimage\",\"url\":\"https:\/\/xxfoundation.org\/wp-content\/uploads\/2022\/01\/What-is-it-like-to-be-an-xx-Node_.jpg\",\"contentUrl\":\"https:\/\/xxfoundation.org\/wp-content\/uploads\/2022\/01\/What-is-it-like-to-be-an-xx-Node_.jpg\",\"width\":1920,\"height\":1080},{\"@type\":\"BreadcrumbList\",\"@id\":\"https:\/\/rqaqashd.elementor.cloud\/entity\/#breadcrumb\",\"itemListElement\":[{\"@type\":\"ListItem\",\"position\":1,\"name\":\"Home\",\"item\":\"https:\/\/xxfoundation.org\/\"},{\"@type\":\"ListItem\",\"position\":2,\"name\":\"Entity\"}]},{\"@type\":\"WebSite\",\"@id\":\"https:\/\/rqaqashd.elementor.cloud\/#website\",\"url\":\"https:\/\/rqaqashd.elementor.cloud\/\",\"name\":\"xx Foundation\",\"description\":\"The xx Foundation is dedicated to building a Web3 ecosystem that prioritizes privacy, security and transparency.\",\"publisher\":{\"@id\":\"https:\/\/rqaqashd.elementor.cloud\/#organization\"},\"potentialAction\":[{\"@type\":\"SearchAction\",\"target\":{\"@type\":\"EntryPoint\",\"urlTemplate\":\"https:\/\/rqaqashd.elementor.cloud\/?s={search_term_string}\"},\"query-input\":{\"@type\":\"PropertyValueSpecification\",\"valueRequired\":true,\"valueName\":\"search_term_string\"}}],\"inLanguage\":\"pt-BR\"},{\"@type\":\"Organization\",\"@id\":\"https:\/\/rqaqashd.elementor.cloud\/#organization\",\"name\":\"xx Foundation\",\"url\":\"https:\/\/rqaqashd.elementor.cloud\/\",\"logo\":{\"@type\":\"ImageObject\",\"inLanguage\":\"pt-BR\",\"@id\":\"https:\/\/rqaqashd.elementor.cloud\/#\/schema\/logo\/image\/\",\"url\":\"https:\/\/xxfoundation.org\/wp-content\/uploads\/2022\/08\/xx-foundation-logo-color.svg\",\"contentUrl\":\"https:\/\/xxfoundation.org\/wp-content\/uploads\/2022\/08\/xx-foundation-logo-color.svg\",\"width\":139,\"height\":22,\"caption\":\"xx Foundation\"},\"image\":{\"@id\":\"https:\/\/rqaqashd.elementor.cloud\/#\/schema\/logo\/image\/\"}}]}<\/script>\n<!-- \/ Yoast SEO plugin. -->","yoast_head_json":{"title":"Entidade - xx Funda\u00e7\u00e3o","robots":{"index":"index","follow":"follow","max-snippet":"max-snippet:-1","max-image-preview":"max-image-preview:large","max-video-preview":"max-video-preview:-1"},"canonical":"https:\/\/rqaqashd.elementor.cloud\/entity\/","og_locale":"pt_BR","og_type":"article","og_title":"Entity - xx Foundation","og_description":"The xx Foundation is a registered Cayman foundation company formed in April 2022. Board The xx Foundation board is currently [...]Leia mais... from Entity","og_url":"https:\/\/rqaqashd.elementor.cloud\/entity\/","og_site_name":"xx Foundation","article_modified_time":"2023-11-18T03:20:41+00:00","og_image":[{"width":1920,"height":1080,"url":"https:\/\/rqaqashd.elementor.cloud\/wp-content\/uploads\/2022\/01\/What-is-it-like-to-be-an-xx-Node_.jpg","type":"image\/jpeg"}],"twitter_card":"summary_large_image","twitter_misc":{"Est. tempo de leitura":"1 minuto"},"schema":{"@context":"https:\/\/schema.org","@graph":[{"@type":"WebPage","@id":"https:\/\/rqaqashd.elementor.cloud\/entity\/","url":"https:\/\/rqaqashd.elementor.cloud\/entity\/","name":"Entidade - xx Funda\u00e7\u00e3o","isPartOf":{"@id":"https:\/\/rqaqashd.elementor.cloud\/#website"},"primaryImageOfPage":{"@id":"https:\/\/rqaqashd.elementor.cloud\/entity\/#primaryimage"},"image":{"@id":"https:\/\/rqaqashd.elementor.cloud\/entity\/#primaryimage"},"thumbnailUrl":"https:\/\/xxfoundation.org\/wp-content\/uploads\/2022\/01\/What-is-it-like-to-be-an-xx-Node_.jpg","datePublished":"2022-08-02T22:29:01+00:00","dateModified":"2023-11-18T03:20:41+00:00","breadcrumb":{"@id":"https:\/\/rqaqashd.elementor.cloud\/entity\/#breadcrumb"},"inLanguage":"pt-BR","potentialAction":[{"@type":"ReadAction","target":["https:\/\/rqaqashd.elementor.cloud\/entity\/"]}]},{"@type":"ImageObject","inLanguage":"pt-BR","@id":"https:\/\/rqaqashd.elementor.cloud\/entity\/#primaryimage","url":"https:\/\/xxfoundation.org\/wp-content\/uploads\/2022\/01\/What-is-it-like-to-be-an-xx-Node_.jpg","contentUrl":"https:\/\/xxfoundation.org\/wp-content\/uploads\/2022\/01\/What-is-it-like-to-be-an-xx-Node_.jpg","width":1920,"height":1080},{"@type":"BreadcrumbList","@id":"https:\/\/rqaqashd.elementor.cloud\/entity\/#breadcrumb","itemListElement":[{"@type":"ListItem","position":1,"name":"Home","item":"https:\/\/xxfoundation.org\/"},{"@type":"ListItem","position":2,"name":"Entity"}]},{"@type":"WebSite","@id":"https:\/\/rqaqashd.elementor.cloud\/#website","url":"https:\/\/rqaqashd.elementor.cloud\/","name":"xx Funda\u00e7\u00e3o","description":"A Funda\u00e7\u00e3o xx \u00e9 dedicada \u00e0 constru\u00e7\u00e3o de um ecossistema Web3 que prioriza a privacidade, a seguran\u00e7a e a transpar\u00eancia.","publisher":{"@id":"https:\/\/rqaqashd.elementor.cloud\/#organization"},"potentialAction":[{"@type":"SearchAction","target":{"@type":"EntryPoint","urlTemplate":"https:\/\/rqaqashd.elementor.cloud\/?s={search_term_string}"},"query-input":{"@type":"PropertyValueSpecification","valueRequired":true,"valueName":"search_term_string"}}],"inLanguage":"pt-BR"},{"@type":"Organization","@id":"https:\/\/rqaqashd.elementor.cloud\/#organization","name":"xx Funda\u00e7\u00e3o","url":"https:\/\/rqaqashd.elementor.cloud\/","logo":{"@type":"ImageObject","inLanguage":"pt-BR","@id":"https:\/\/rqaqashd.elementor.cloud\/#\/schema\/logo\/image\/","url":"https:\/\/xxfoundation.org\/wp-content\/uploads\/2022\/08\/xx-foundation-logo-color.svg","contentUrl":"https:\/\/xxfoundation.org\/wp-content\/uploads\/2022\/08\/xx-foundation-logo-color.svg","width":139,"height":22,"caption":"xx Foundation"},"image":{"@id":"https:\/\/rqaqashd.elementor.cloud\/#\/schema\/logo\/image\/"}}]}},"_links":{"self":[{"href":"https:\/\/xxfoundation.org\/pt\/wp-json\/wp\/v2\/pages\/26059","targetHints":{"allow":["GET"]}}],"collection":[{"href":"https:\/\/xxfoundation.org\/pt\/wp-json\/wp\/v2\/pages"}],"about":[{"href":"https:\/\/xxfoundation.org\/pt\/wp-json\/wp\/v2\/types\/page"}],"author":[{"embeddable":true,"href":"https:\/\/xxfoundation.org\/pt\/wp-json\/wp\/v2\/users\/174"}],"replies":[{"embeddable":true,"href":"https:\/\/xxfoundation.org\/pt\/wp-json\/wp\/v2\/comments?post=26059"}],"version-history":[{"count":0,"href":"https:\/\/xxfoundation.org\/pt\/wp-json\/wp\/v2\/pages\/26059\/revisions"}],"wp:featuredmedia":[{"embeddable":true,"href":"https:\/\/xxfoundation.org\/pt\/wp-json\/wp\/v2\/media\/18773"}],"wp:attachment":[{"href":"https:\/\/xxfoundation.org\/pt\/wp-json\/wp\/v2\/media?parent=26059"}],"curies":[{"name":"wp","href":"https:\/\/api.w.org\/{rel}","templated":true}]}}