{"id":24631,"date":"2022-07-19T09:18:54","date_gmt":"2022-07-19T16:18:54","guid":{"rendered":"https:\/\/xxn-02.site.strattic.io\/?page_id=24631"},"modified":"2022-09-29T16:11:33","modified_gmt":"2022-09-29T23:11:33","slug":"mainnet-transition-program-configuration-and-commitment-applet-instructions","status":"publish","type":"page","link":"https:\/\/xxfoundation.org\/pt\/mainnet-transition-program-configuration-and-commitment-applet-instructions\/","title":{"rendered":"MainNet Instru\u00e7\u00f5es do Applet de Configura\u00e7\u00e3o e Compromisso do Programa de Transi\u00e7\u00e3o"},"content":{"rendered":"<p><\/p>\n\n\n\n<p><\/p>\n\n\n\n<h2 class=\"wp-block-heading\" id=\"h-download\">Download<\/h2>\n\n\n\n<p>Fa\u00e7a o download do arquivo correto para seu sistema operacional. Voc\u00ea pode usar os checksums SHA256 fornecidos para verificar a integridade de seu download.<\/p>\n\n\n\n<ul class=\"wp-block-list\" style=\"font-style:normal;font-weight:400\"><li> <strong><a href=\"https:\/\/docs.xx.network\/mainnet-commitment-form\/v2\/mainnet-commitments-form-x64-darwin.zip\" target=\"_blank\" rel=\"noreferrer noopener\">macOS<\/a> <\/strong>(Intel e M1) <br> <small>SHA-256 Checksum: <code>c205ddac060ce46817d473c5d17c1b241020a9b17779b7456f7c8649bec0faee<\/code><\/small> <\/li><li> <strong><a href=\"https:\/\/docs.xx.network\/mainnet-commitment-form\/v2\/mainnet-commitments-form-x64-win.zip\" target=\"_blank\" rel=\"noreferrer noopener\">Windows<\/a><\/strong> <br> <small>SHA-256 Checksum: <code>3fe45c4bf46b129dbf35bd77b60c26b941a07ebfa6a9e7c36a46d30f299f299e<\/code><\/small><\/li><li> <strong><a href=\"https:\/\/docs.xx.network\/mainnet-commitment-form\/v2\/mainnet-commitments-form-x64-linux.zip\" target=\"_blank\" rel=\"noreferrer noopener\">Linux<\/a><\/strong> <br> <small>SHA-256 Checksum: <code>acac5d8d2639e7a0704d2f77988847a4b5b059901c5e489385b09712d9dd1002<\/code><\/small> <\/li><li> <strong>Fonte:<\/strong> <a href=\"https:\/\/git.xx.network\/elixxir\/mainnet-commitments\/-\/tree\/jonah\/tm-change\" target=\"_blank\" rel=\"noreferrer noopener\">elixxir\/mainnet-commitments<\/a> reposit\u00f3rio <\/li><li> <strong>Fonte GUI:<\/strong> <a href=\"https:\/\/git.xx.network\/elixxir\/mainnet-commitments-ui\/-\/tree\/TeamMultiplierChange\" target=\"_blank\" rel=\"noreferrer noopener\">elixxir\/mainnet-commitments-ui<\/a> reposit\u00f3rio <\/li><\/ul>\n\n\n\n<h2 class=\"wp-block-heading\" id=\"h-instructions\">Instru\u00e7\u00f5es<\/h2>\n\n\n\n<h3 class=\"wp-block-heading\" id=\"h-set-up\">Set-Up<\/h3>\n\n\n\n<h4 class=\"wp-block-heading\" id=\"h-macos\">macOS<\/h4>\n\n\n\n<ol class=\"wp-block-list\"><li>Fa\u00e7a o download do arquivo zip para MacOS acima. O mesmo arquivo funcionar\u00e1 em ambos M1 e Intel Macs.<\/li><li>Clique duas vezes no arquivo zip. O aplicativo ser\u00e1 extra\u00eddo para o mesmo local.<\/li><li>Clique com o bot\u00e3o direito do mouse sobre o aplicativo e selecione \"Abrir\".<\/li><li>Aparecer\u00e1 um aviso dizendo que o aplicativo n\u00e3o pode ser verificado. Clique no bot\u00e3o \"Abrir\" para continuar.<\/li><\/ol>\n\n\n\n<h4 class=\"wp-block-heading\" id=\"h-windows\">Windows<\/h4>\n\n\n\n<ol class=\"wp-block-list\"><li>Fa\u00e7a o download do arquivo zip para Windows acima.<\/li><li>Abra o local do arquivo de download, que provavelmente est\u00e1 em sua pasta de downloads.<\/li><li>Extrair os arquivos no arquivo zip e lan\u00e7ar <code>nw.exe<\/code>.<\/li><\/ol>\n\n\n\n<h4 class=\"wp-block-heading\" id=\"h-linux\">Linux<\/h4>\n\n\n\n<ol class=\"wp-block-list\"><li>Fa\u00e7a o download do arquivo zip para Linux.<\/li><li>Extrair o conte\u00fado do arquivo zip. <pre class=\"wp-block-code\"><code><strong>$<\/strong> unzip mainnet-commitments-linux-x64.zip<\/code><\/pre><\/li><li>Digite o diret\u00f3rio extra\u00eddo. <pre class=\"wp-block-code\"><code><strong>$<\/strong> cd nwjs-*<\/code><\/pre><\/li><li>Execute o <code>nw<\/code> execut\u00e1vel. <pre class=\"wp-block-code\"><code><strong>$<\/strong> .\/nw<\/code><\/pre><\/li><\/ol>\n\n\n\n<h3 class=\"wp-block-heading\" id=\"h-using-the-form\">Usando o formul\u00e1rio<\/h3>\n\n\n\n<p>Para preencher este formul\u00e1rio, voc\u00ea precisa das credenciais para seu n\u00f3 (chave, certificado p\u00fablico e IDF). De acordo com instru\u00e7\u00f5es anteriores, a equipe espera que os operadores dos n\u00f3s as tenham em um local seguro. Para encontr\u00e1-las, consulte <a href=\"https:\/\/xxnetwork.wiki\/Finding_Betanet_Node_Credentials\">Encontrando as Credenciais do N\u00f3 Betanet<\/a> no wiki. Se voc\u00ea ainda n\u00e3o os tem, descarregue-os para a m\u00e1quina a partir da qual voc\u00ea est\u00e1 executando o aplicativo.<\/p>\n\n\n\n<ol class=\"wp-block-list\"><li>Primeiro, selecione o certificado p\u00fablico de seu Nodo. Ser\u00e1 um <code>.crt<\/code> ou <code>.cert<\/code> arquivo.<\/li><li>Selecione a chave privada do seu N\u00f3. Ser\u00e1 uma <code>.chave<\/code> arquivo.<\/li><li>Selecione o arquivo de identidade de seu Nodo (IDF). Ser\u00e1 um <code>.json<\/code> arquivo.<\/li><li>A imprensa envia para consultar sua carteira e informa\u00e7\u00f5es sobre estacas.<\/li><li>Na p\u00e1gina seguinte, voc\u00ea receber\u00e1 o e-mail que enviou (caso o tenha feito) e os endere\u00e7os do nominador e da carteira do validador. Voc\u00ea pode deix\u00e1-los em paz ou, opcionalmente, alter\u00e1-los.<\/li><li>Na p\u00e1gina seguinte, voc\u00ea \u00e9 apresentado com sua participa\u00e7\u00e3o atual. Marque a caixa de sele\u00e7\u00e3o para permitir a modifica\u00e7\u00e3o e selecione sua estaca desejada. Isto \u00e9 opcional; voc\u00ea n\u00e3o precisa alterar este valor.<\/li><li>Na \u00faltima p\u00e1gina, revise o contrato e pressione a marca de verifica\u00e7\u00e3o para aceitar as condi\u00e7\u00f5es. Observe que voc\u00ea pode ver o contrato inteiro em uma p\u00e1gina separada ou imprimi-lo para seus registros.<\/li><li>Pressione o bot\u00e3o \"Submit\" e aguarde a mensagem de confirma\u00e7\u00e3o. Isto pode levar alguns momentos.<\/li><\/ol>\n\n\n\n<p>Se voc\u00ea n\u00e3o tiver suas chaves, a equipe n\u00e3o poder\u00e1 ajud\u00e1-lo.<\/p>","protected":false},"excerpt":{"rendered":"<p>Download Download the correct file for your operating system. You can use the provided SHA256 checksums to verify the integrity [&#8230;]<\/p>\n<p><a class=\"btn btn-secondary understrap-read-more-link\" href=\"https:\/\/xxfoundation.org\/pt\/mainnet-transition-program-configuration-and-commitment-applet-instructions\/\">Leia mais&#8230;<span class=\"screen-reader-text\"> from MainNet Transition Program Configuration and Commitment Applet Instructions<\/span><\/a><\/p>","protected":false},"author":174,"featured_media":18773,"parent":0,"menu_order":0,"comment_status":"closed","ping_status":"closed","template":"","meta":{"_acf_changed":false,"footnotes":""},"class_list":["post-24631","page","type-page","status-publish","has-post-thumbnail","hentry"],"acf":[],"yoast_head":"<!-- This site is optimized with the Yoast SEO plugin v25.6 - https:\/\/yoast.com\/wordpress\/plugins\/seo\/ -->\n<title>MainNet Transition Program Configuration and Commitment Applet Instructions - xx Foundation<\/title>\n<meta name=\"robots\" content=\"index, follow, max-snippet:-1, max-image-preview:large, max-video-preview:-1\" \/>\n<link rel=\"canonical\" href=\"https:\/\/rqaqashd.elementor.cloud\/mainnet-transition-program-configuration-and-commitment-applet-instructions\/\" \/>\n<meta property=\"og:locale\" content=\"pt_BR\" \/>\n<meta property=\"og:type\" content=\"article\" \/>\n<meta property=\"og:title\" content=\"MainNet Transition Program Configuration and Commitment Applet Instructions - xx Foundation\" \/>\n<meta property=\"og:description\" content=\"Download Download the correct file for your operating system. You can use the provided SHA256 checksums to verify the integrity [...]Leia mais... from MainNet Transition Program Configuration and Commitment Applet Instructions\" \/>\n<meta property=\"og:url\" content=\"https:\/\/rqaqashd.elementor.cloud\/mainnet-transition-program-configuration-and-commitment-applet-instructions\/\" \/>\n<meta property=\"og:site_name\" content=\"xx Foundation\" \/>\n<meta property=\"article:modified_time\" content=\"2022-09-29T23:11:33+00:00\" \/>\n<meta name=\"twitter:card\" content=\"summary_large_image\" \/>\n<meta name=\"twitter:label1\" content=\"Est. tempo de leitura\" \/>\n\t<meta name=\"twitter:data1\" content=\"2 minutos\" \/>\n<script type=\"application\/ld+json\" class=\"yoast-schema-graph\">{\"@context\":\"https:\/\/schema.org\",\"@graph\":[{\"@type\":\"WebPage\",\"@id\":\"https:\/\/rqaqashd.elementor.cloud\/mainnet-transition-program-configuration-and-commitment-applet-instructions\/\",\"url\":\"https:\/\/rqaqashd.elementor.cloud\/mainnet-transition-program-configuration-and-commitment-applet-instructions\/\",\"name\":\"MainNet Transition Program Configuration and Commitment Applet Instructions - xx Foundation\",\"isPartOf\":{\"@id\":\"https:\/\/rqaqashd.elementor.cloud\/#website\"},\"primaryImageOfPage\":{\"@id\":\"https:\/\/rqaqashd.elementor.cloud\/mainnet-transition-program-configuration-and-commitment-applet-instructions\/#primaryimage\"},\"image\":{\"@id\":\"https:\/\/rqaqashd.elementor.cloud\/mainnet-transition-program-configuration-and-commitment-applet-instructions\/#primaryimage\"},\"thumbnailUrl\":\"https:\/\/xxfoundation.org\/wp-content\/uploads\/2022\/01\/What-is-it-like-to-be-an-xx-Node_.jpg\",\"datePublished\":\"2022-07-19T16:18:54+00:00\",\"dateModified\":\"2022-09-29T23:11:33+00:00\",\"breadcrumb\":{\"@id\":\"https:\/\/rqaqashd.elementor.cloud\/mainnet-transition-program-configuration-and-commitment-applet-instructions\/#breadcrumb\"},\"inLanguage\":\"pt-BR\",\"potentialAction\":[{\"@type\":\"ReadAction\",\"target\":[\"https:\/\/rqaqashd.elementor.cloud\/mainnet-transition-program-configuration-and-commitment-applet-instructions\/\"]}]},{\"@type\":\"ImageObject\",\"inLanguage\":\"pt-BR\",\"@id\":\"https:\/\/rqaqashd.elementor.cloud\/mainnet-transition-program-configuration-and-commitment-applet-instructions\/#primaryimage\",\"url\":\"https:\/\/xxfoundation.org\/wp-content\/uploads\/2022\/01\/What-is-it-like-to-be-an-xx-Node_.jpg\",\"contentUrl\":\"https:\/\/xxfoundation.org\/wp-content\/uploads\/2022\/01\/What-is-it-like-to-be-an-xx-Node_.jpg\",\"width\":1920,\"height\":1080},{\"@type\":\"BreadcrumbList\",\"@id\":\"https:\/\/rqaqashd.elementor.cloud\/mainnet-transition-program-configuration-and-commitment-applet-instructions\/#breadcrumb\",\"itemListElement\":[{\"@type\":\"ListItem\",\"position\":1,\"name\":\"Home\",\"item\":\"https:\/\/xxfoundation.org\/\"},{\"@type\":\"ListItem\",\"position\":2,\"name\":\"MainNet Transition Program Configuration and Commitment Applet Instructions\"}]},{\"@type\":\"WebSite\",\"@id\":\"https:\/\/rqaqashd.elementor.cloud\/#website\",\"url\":\"https:\/\/rqaqashd.elementor.cloud\/\",\"name\":\"xx Foundation\",\"description\":\"The xx Foundation is dedicated to building a Web3 ecosystem that prioritizes privacy, security and transparency.\",\"publisher\":{\"@id\":\"https:\/\/rqaqashd.elementor.cloud\/#organization\"},\"potentialAction\":[{\"@type\":\"SearchAction\",\"target\":{\"@type\":\"EntryPoint\",\"urlTemplate\":\"https:\/\/rqaqashd.elementor.cloud\/?s={search_term_string}\"},\"query-input\":{\"@type\":\"PropertyValueSpecification\",\"valueRequired\":true,\"valueName\":\"search_term_string\"}}],\"inLanguage\":\"pt-BR\"},{\"@type\":\"Organization\",\"@id\":\"https:\/\/rqaqashd.elementor.cloud\/#organization\",\"name\":\"xx Foundation\",\"url\":\"https:\/\/rqaqashd.elementor.cloud\/\",\"logo\":{\"@type\":\"ImageObject\",\"inLanguage\":\"pt-BR\",\"@id\":\"https:\/\/rqaqashd.elementor.cloud\/#\/schema\/logo\/image\/\",\"url\":\"https:\/\/xxfoundation.org\/wp-content\/uploads\/2022\/08\/xx-foundation-logo-color.svg\",\"contentUrl\":\"https:\/\/xxfoundation.org\/wp-content\/uploads\/2022\/08\/xx-foundation-logo-color.svg\",\"width\":139,\"height\":22,\"caption\":\"xx Foundation\"},\"image\":{\"@id\":\"https:\/\/rqaqashd.elementor.cloud\/#\/schema\/logo\/image\/\"}}]}<\/script>\n<!-- \/ Yoast SEO plugin. -->","yoast_head_json":{"title":"MainNet Instru\u00e7\u00f5es do Applet de Configura\u00e7\u00e3o e Compromisso do Programa de Transi\u00e7\u00e3o - xx Funda\u00e7\u00e3o","robots":{"index":"index","follow":"follow","max-snippet":"max-snippet:-1","max-image-preview":"max-image-preview:large","max-video-preview":"max-video-preview:-1"},"canonical":"https:\/\/rqaqashd.elementor.cloud\/mainnet-transition-program-configuration-and-commitment-applet-instructions\/","og_locale":"pt_BR","og_type":"article","og_title":"MainNet Transition Program Configuration and Commitment Applet Instructions - xx Foundation","og_description":"Download Download the correct file for your operating system. You can use the provided SHA256 checksums to verify the integrity [...]Leia mais... from MainNet Transition Program Configuration and Commitment Applet Instructions","og_url":"https:\/\/rqaqashd.elementor.cloud\/mainnet-transition-program-configuration-and-commitment-applet-instructions\/","og_site_name":"xx Foundation","article_modified_time":"2022-09-29T23:11:33+00:00","twitter_card":"summary_large_image","twitter_misc":{"Est. tempo de leitura":"2 minutos"},"schema":{"@context":"https:\/\/schema.org","@graph":[{"@type":"WebPage","@id":"https:\/\/rqaqashd.elementor.cloud\/mainnet-transition-program-configuration-and-commitment-applet-instructions\/","url":"https:\/\/rqaqashd.elementor.cloud\/mainnet-transition-program-configuration-and-commitment-applet-instructions\/","name":"MainNet Instru\u00e7\u00f5es do Applet de Configura\u00e7\u00e3o e Compromisso do Programa de Transi\u00e7\u00e3o - xx Funda\u00e7\u00e3o","isPartOf":{"@id":"https:\/\/rqaqashd.elementor.cloud\/#website"},"primaryImageOfPage":{"@id":"https:\/\/rqaqashd.elementor.cloud\/mainnet-transition-program-configuration-and-commitment-applet-instructions\/#primaryimage"},"image":{"@id":"https:\/\/rqaqashd.elementor.cloud\/mainnet-transition-program-configuration-and-commitment-applet-instructions\/#primaryimage"},"thumbnailUrl":"https:\/\/xxfoundation.org\/wp-content\/uploads\/2022\/01\/What-is-it-like-to-be-an-xx-Node_.jpg","datePublished":"2022-07-19T16:18:54+00:00","dateModified":"2022-09-29T23:11:33+00:00","breadcrumb":{"@id":"https:\/\/rqaqashd.elementor.cloud\/mainnet-transition-program-configuration-and-commitment-applet-instructions\/#breadcrumb"},"inLanguage":"pt-BR","potentialAction":[{"@type":"ReadAction","target":["https:\/\/rqaqashd.elementor.cloud\/mainnet-transition-program-configuration-and-commitment-applet-instructions\/"]}]},{"@type":"ImageObject","inLanguage":"pt-BR","@id":"https:\/\/rqaqashd.elementor.cloud\/mainnet-transition-program-configuration-and-commitment-applet-instructions\/#primaryimage","url":"https:\/\/xxfoundation.org\/wp-content\/uploads\/2022\/01\/What-is-it-like-to-be-an-xx-Node_.jpg","contentUrl":"https:\/\/xxfoundation.org\/wp-content\/uploads\/2022\/01\/What-is-it-like-to-be-an-xx-Node_.jpg","width":1920,"height":1080},{"@type":"BreadcrumbList","@id":"https:\/\/rqaqashd.elementor.cloud\/mainnet-transition-program-configuration-and-commitment-applet-instructions\/#breadcrumb","itemListElement":[{"@type":"ListItem","position":1,"name":"Home","item":"https:\/\/xxfoundation.org\/"},{"@type":"ListItem","position":2,"name":"MainNet Transition Program Configuration and Commitment Applet Instructions"}]},{"@type":"WebSite","@id":"https:\/\/rqaqashd.elementor.cloud\/#website","url":"https:\/\/rqaqashd.elementor.cloud\/","name":"xx Funda\u00e7\u00e3o","description":"A Funda\u00e7\u00e3o xx \u00e9 dedicada \u00e0 constru\u00e7\u00e3o de um ecossistema Web3 que prioriza a privacidade, a seguran\u00e7a e a transpar\u00eancia.","publisher":{"@id":"https:\/\/rqaqashd.elementor.cloud\/#organization"},"potentialAction":[{"@type":"SearchAction","target":{"@type":"EntryPoint","urlTemplate":"https:\/\/rqaqashd.elementor.cloud\/?s={search_term_string}"},"query-input":{"@type":"PropertyValueSpecification","valueRequired":true,"valueName":"search_term_string"}}],"inLanguage":"pt-BR"},{"@type":"Organization","@id":"https:\/\/rqaqashd.elementor.cloud\/#organization","name":"xx Funda\u00e7\u00e3o","url":"https:\/\/rqaqashd.elementor.cloud\/","logo":{"@type":"ImageObject","inLanguage":"pt-BR","@id":"https:\/\/rqaqashd.elementor.cloud\/#\/schema\/logo\/image\/","url":"https:\/\/xxfoundation.org\/wp-content\/uploads\/2022\/08\/xx-foundation-logo-color.svg","contentUrl":"https:\/\/xxfoundation.org\/wp-content\/uploads\/2022\/08\/xx-foundation-logo-color.svg","width":139,"height":22,"caption":"xx Foundation"},"image":{"@id":"https:\/\/rqaqashd.elementor.cloud\/#\/schema\/logo\/image\/"}}]}},"_links":{"self":[{"href":"https:\/\/xxfoundation.org\/pt\/wp-json\/wp\/v2\/pages\/24631","targetHints":{"allow":["GET"]}}],"collection":[{"href":"https:\/\/xxfoundation.org\/pt\/wp-json\/wp\/v2\/pages"}],"about":[{"href":"https:\/\/xxfoundation.org\/pt\/wp-json\/wp\/v2\/types\/page"}],"author":[{"embeddable":true,"href":"https:\/\/xxfoundation.org\/pt\/wp-json\/wp\/v2\/users\/174"}],"replies":[{"embeddable":true,"href":"https:\/\/xxfoundation.org\/pt\/wp-json\/wp\/v2\/comments?post=24631"}],"version-history":[{"count":0,"href":"https:\/\/xxfoundation.org\/pt\/wp-json\/wp\/v2\/pages\/24631\/revisions"}],"wp:featuredmedia":[{"embeddable":true,"href":"https:\/\/xxfoundation.org\/pt\/wp-json\/wp\/v2\/media\/18773"}],"wp:attachment":[{"href":"https:\/\/xxfoundation.org\/pt\/wp-json\/wp\/v2\/media?parent=24631"}],"curies":[{"name":"wp","href":"https:\/\/api.w.org\/{rel}","templated":true}]}}